{"id":1801,"date":"2021-05-26T13:47:31","date_gmt":"2021-05-26T13:47:31","guid":{"rendered":"https:\/\/ossa.cuco.dev\/?page_id=1801"},"modified":"2021-06-10T15:13:13","modified_gmt":"2021-06-10T15:13:13","slug":"protection-des-donnees","status":"publish","type":"page","link":"https:\/\/hemecht.lu\/fr\/protection-des-donnees\/","title":{"rendered":"Protection des Donn\u00e9es"},"content":{"rendered":"[vc_row type=\u00a0\u00bbin_container\u00a0\u00bb full_screen_row_position=\u00a0\u00bbmiddle\u00a0\u00bb column_margin=\u00a0\u00bbdefault\u00a0\u00bb column_direction=\u00a0\u00bbdefault\u00a0\u00bb column_direction_tablet=\u00a0\u00bbdefault\u00a0\u00bb column_direction_phone=\u00a0\u00bbdefault\u00a0\u00bb scene_position=\u00a0\u00bbcenter\u00a0\u00bb text_color=\u00a0\u00bbdark\u00a0\u00bb text_align=\u00a0\u00bbleft\u00a0\u00bb row_border_radius=\u00a0\u00bbnone\u00a0\u00bb row_border_radius_applies=\u00a0\u00bbbg\u00a0\u00bb overlay_strength=\u00a0\u00bb0.3&Prime; gradient_direction=\u00a0\u00bbleft_to_right\u00a0\u00bb shape_divider_position=\u00a0\u00bbbottom\u00a0\u00bb bg_image_animation=\u00a0\u00bbnone\u00a0\u00bb][vc_column column_padding=\u00a0\u00bbno-extra-padding\u00a0\u00bb column_padding_tablet=\u00a0\u00bbinherit\u00a0\u00bb column_padding_phone=\u00a0\u00bbinherit\u00a0\u00bb column_padding_position=\u00a0\u00bball\u00a0\u00bb column_element_spacing=\u00a0\u00bbdefault\u00a0\u00bb background_color_opacity=\u00a0\u00bb1&Prime; background_hover_color_opacity=\u00a0\u00bb1&Prime; column_shadow=\u00a0\u00bbnone\u00a0\u00bb column_border_radius=\u00a0\u00bbnone\u00a0\u00bb column_link_target=\u00a0\u00bb_self\u00a0\u00bb gradient_direction=\u00a0\u00bbleft_to_right\u00a0\u00bb overlay_strength=\u00a0\u00bb0.3&Prime; width=\u00a0\u00bb1\/1&Prime; tablet_width_inherit=\u00a0\u00bbdefault\u00a0\u00bb tablet_text_alignment=\u00a0\u00bbdefault\u00a0\u00bb phone_text_alignment=\u00a0\u00bbdefault\u00a0\u00bb bg_image_animation=\u00a0\u00bbnone\u00a0\u00bb border_type=\u00a0\u00bbsimple\u00a0\u00bb column_border_width=\u00a0\u00bbnone\u00a0\u00bb column_border_style=\u00a0\u00bbsolid\u00a0\u00bb][vc_custom_heading text=\u00a0\u00bbPolitique de confidentialit\u00e9\u00a0\u00bb use_theme_fonts=\u00a0\u00bbyes\u00a0\u00bb][divider line_type=\u00a0\u00bbNo Line\u00a0\u00bb custom_height=\u00a0\u00bb30&Prime;][vc_column_text]Nous traitons uniquement vos donn\u00e9es \u00e0 caract\u00e8re personnel (ci-apr\u00e8s d\u00e9nomm\u00e9es le plus souvent \u00ab\u00a0Donn\u00e9es\u00a0\u00bb) selon les besoins et dans le but de proposer un site internet fonctionnel et convivial, notamment dans son contenu et en termes de services propos\u00e9s.<\/p>\n<p>En vertu de l\u2019art. 4, paragraphe 1, du r\u00e8glement (UE) 2016\/679, le r\u00e8glement de base sur la protection des donn\u00e9es (ci-apr\u00e8s d\u00e9nomm\u00e9 \u00ab\u00a0RGPD\u00a0\u00bb) correspond \u00e0 toute op\u00e9ration ou tout ensemble d\u2019op\u00e9rations effectu\u00e9es avec ou sans proc\u00e9d\u00e9s automatis\u00e9s et appliqu\u00e9s \u00e0 des donn\u00e9es ou des ensembles de donn\u00e9es \u00e0 caract\u00e8re personnel, telles que la collecte, l\u2019enregistrement, l\u2019organisation, la structuration, la conservation, l\u2019adaptation ou la modification, la lecture, la consultation, l\u2019utilisation, la communication par transmission, la diffusion ou tout autre moyen permettant le rapprochement ou l\u2019interconnexion, la limitation, l\u2019effacement ou la destruction.<\/p>\n<p>Notre politique de confidentialit\u00e9 vous fournit principalement des informations relatives \u00e0 la nature, la port\u00e9e, l\u2019objectif, la dur\u00e9e et la base l\u00e9gale du traitement des donn\u00e9es \u00e0 caract\u00e8re personnel, dans la mesure o\u00f9 nous d\u00e9cidons des objectifs et des moyens du traitement, seuls ou avec d\u2019autres partenaires. Nous vous informons \u00e9galement des partenaires tiers avec lesquels nous travaillons \u00e0 des fins d\u2019optimisation et d\u2019augmentation de la qualit\u00e9 d\u2019utilisation, lorsque ces derniers traitent les donn\u00e9es sous leur propre responsabilit\u00e9.<\/p>\n<p>Notre politique de confidentialit\u00e9 est structur\u00e9e comme suit\u00a0:<\/p>\n<p>I. Informations nous concernant en tant que responsables<br \/>\nII. Droits de l\u2019utilisateur et des parties concern\u00e9es<br \/>\nIII. Informations relatives au traitement des donn\u00e9es<\/p>\n<p><strong>I. Informations nous concernant en tant que responsables<\/strong><\/p>\n<p>En termes de protection des donn\u00e9es, le fournisseur responsable de ce site internet est\u00a0:<\/p>\n<p>Editions Office Services S.A.\u00a0 (Printing Ossa)<\/p>\n<p>46, rue Gabriel Lippmann<\/p>\n<p>L-6947 Niederanven<\/p>\n<p>Telefon: 45 47 03 1<\/p>\n<p>E-Mail: &#105;n&#x66;o&#x40;o&#x73;&#115;&#x61;&#46;&#x6c;&#117;<\/p>\n<p>Le responsable de la protection des donn\u00e9es chez le fournisseur est\u00a0:<\/p>\n<p>Jean-Paul Schmitz<\/p>\n<p><strong>II. Droits de l\u2019utilisateur et des parties concern\u00e9es<\/strong><\/p>\n<p>En ce qui concerne le traitement des donn\u00e9es d\u00e9crit ci-dessous plus en d\u00e9tail, les utilisateurs et les personnes concern\u00e9es ont le droit\u00a0:<\/p>\n<ul type=\"disc\">\n<li>D\u2019obtenir la confirmation que les donn\u00e9es sont trait\u00e9es, de savoir quels types de donn\u00e9es sont trait\u00e9s, d\u2019obtenir des informations suppl\u00e9mentaires relatives au traitement des donn\u00e9es et des copies des donn\u00e9es (voir \u00e9galement l\u2019Art. 15 du RGPD)\u00a0;<\/li>\n<li>De pouvoir corriger ou compl\u00e9ter des donn\u00e9es erron\u00e9es ou incompl\u00e8tes (voir l\u2019Art. 16 du RGPD)\u00a0;<\/li>\n<li>De pouvoir supprimer imm\u00e9diatement les donn\u00e9es les concernant (voir \u00e9galement l\u2019Art. 17 du RGPD), ou, de savoir si un traitement suppl\u00e9mentaire, conform\u00e9ment \u00e0 l\u2019Art. 17, paragraphe 3 du RGPD, est requis. De pouvoir limiter le traitement, conform\u00e9ment \u00e0 l\u2019Art. 18 du RGPD\u00a0;<\/li>\n<li>De pouvoir obtenir les donn\u00e9es les concernant et qu\u2019ils ont fournies, et de savoir si ces donn\u00e9es ont \u00e9t\u00e9 transmises \u00e0 d\u2019autres prestataires\/autorit\u00e9s (voir \u00e9galement l\u2019Art. 20 du RGPD)\u00a0;<\/li>\n<li>De d\u00e9poser une plainte aupr\u00e8s des autorit\u00e9s de contr\u00f4le s\u2019ils consid\u00e8rent que le fournisseur viole la r\u00e8glementation en mati\u00e8re de protection des donn\u00e9es (voir \u00e9galement l\u2019Art. 77 du RGPD).<\/li>\n<\/ul>\n<p>En outre, le fournisseur est tenu d\u2019informer tous les destinataires, aupr\u00e8s desquels les donn\u00e9es ont \u00e9t\u00e9 divulgu\u00e9es, de toute modification, suppression de donn\u00e9es ou restriction du traitement, et ce, conform\u00e9ment \u00e0 l\u2019article 16, 17 paragraphes 1, 18 du RGPD. Cependant, cette obligation ne s\u2019applique toutefois pas si la communication des informations s\u2019av\u00e8re impossible ou implique des efforts disproportionn\u00e9s. L\u2019utilisateur a n\u00e9anmoins le droit d\u2019obtenir des informations sur ces destinataires.<\/p>\n<p><strong>De m\u00eame, en vertu de l\u2019Art. 21 du RGPD, les utilisateurs et les personnes concern\u00e9es peuvent s\u2019opposer au traitement ult\u00e9rieur de leurs donn\u00e9es si les donn\u00e9es sont trait\u00e9es par le fournisseur conform\u00e9ment \u00e0 l\u2019Art. 6, paragraphe 1, point f du RGPD. Il est en particulier autoris\u00e9 de s\u2019opposer au traitement des donn\u00e9es \u00e0 des fins de publicit\u00e9 directe.<\/strong><\/p>\n<p><strong>III. Informations relatives au traitement des donn\u00e9es<\/strong><\/p>\n<p>Vos donn\u00e9es trait\u00e9es lors de l\u2019utilisation de notre site internet seront supprim\u00e9es ou bloqu\u00e9es d\u00e8s lors que la raison de leur conservation n\u2019a plus lieu d\u2019\u00eatre, que leur suppression n\u2019entre pas en conflit avec les exigences l\u00e9gales en mati\u00e8re de conservation. Aucune autre information ne sera fournie ult\u00e9rieurement relativement aux m\u00e9thodes de traitement individuelles.<\/p>\n<h4>Cookies<\/h4>\n<h5><strong>a) Cookies de session<\/strong><\/h5>\n<p>Nous utilisons des cookies sur notre site. Les cookies sont de petits fichiers texte, ou d\u2019autres technologies de stockage, d\u00e9pos\u00e9s et stock\u00e9s sur votre appareil par le navigateur que vous utilisez. Ces cookies traitent certaines informations vous concernant, telles que votre navigateur, votre emplacement ou votre adresse IP.<\/p>\n<p>Ce traitement rend notre site plus convivial, efficace et s\u00e9curis\u00e9, car il nous permet, par exemple, de reproduire notre site dans diff\u00e9rentes langues ou d\u2019offrir une fonction de panier d\u2019achat.<\/p>\n<p>La base juridique de ce traitement est l\u2019Art. 6, paragraphe 1, point b.) du RGPD, dans la mesure o\u00f9 ces cookies sont utilis\u00e9s pour traiter ou ex\u00e9cuter le contrat.<\/p>\n<p>Lorsque le traitement des donn\u00e9es ne sert pas \u00e0 traiter ou ex\u00e9cuter le contrat, notre int\u00e9r\u00eat l\u00e9gitime r\u00e9side dans l\u2019am\u00e9lioration de la fonctionnalit\u00e9 de notre site. La base juridique est alors l\u2019art. 6, paragraphe 1, point f) du RGPD.<\/p>\n<p>Lorsque vous fermez votre navigateur, les cookies sont supprim\u00e9s.<\/p>\n<h5><strong>b) Cookies de prestataires tiers<\/strong><\/h5>\n<p>Notre site utilise \u00e9galement, si n\u00e9cessaire, des cookies de soci\u00e9t\u00e9s partenaires avec lesquelles nous coop\u00e9rons \u00e0 des fins de publicit\u00e9, d\u2019analyse ou de fonctionnement de notre site.<\/p>\n<p>Si vous souhaitez obtenir de plus amples informations, en particulier sur les objectifs et les bases juridiques du traitement de ces cookies de prestataires tiers, veuillez vous reporter aux informations ci-dessous.<\/p>\n<h5><strong>c) Mesures de suppression<\/strong><\/h5>\n<p>Il est possible d\u2019emp\u00eacher ou de limiter l\u2019installation des cookies en param\u00e9trant votre navigateur. Il est \u00e9galement possible de supprimer les cookies sauvegard\u00e9s pr\u00e9c\u00e9demment \u00e0 tout moment. Les \u00e9tapes et les mesures n\u00e9cessaires d\u00e9pendent toutefois de votre navigateur. Si vous vous posez des questions, utilisez la fonction d\u2019aide ou la documentation de votre navigateur, ou contactez le fabricant ou l\u2019assistance. Avec les cookies Flash, il n\u2019est cependant pas possible d\u2019emp\u00eacher le traitement en param\u00e9trant votre navigateur. Dans ce cas, vous devez modifier les param\u00e8tres de votre lecteur Flash. Les \u00e9tapes et les mesures n\u00e9cessaires d\u00e9pendent toutefois de votre lecteur Flash. Si vous vous posez des questions, utilisez la fonction d\u2019aide ou la documentation de votre lecteur Flash, ou contactez le fabricant ou l\u2019assistance.<\/p>\n<p>Si vous emp\u00eachez ou restreignez l\u2019installation des cookies, il est possible que vous ne puissiez pas utiliser pleinement toutes les fonctions de notre site.<\/p>\n<p><a href=\"https:\/\/www.ratgeberrecht.eu\/leistungen\/muster-datenschutzerklaerung.html\" target=\"_blank\" rel=\"noopener\">Exemple de politique de confidentialit\u00e9<\/a> du <a href=\"https:\/\/www.ratgeberrecht.eu\/\" target=\"_blank\" rel=\"noopener\">cabinet d\u2019avocats Wei\u00df &amp; Partner<\/a>[\/vc_column_text][\/vc_column][\/vc_row]\n","protected":false},"excerpt":{"rendered":"<p>[vc_row type=\u00a0\u00bbin_container\u00a0\u00bb full_screen_row_position=\u00a0\u00bbmiddle\u00a0\u00bb column_margin=\u00a0\u00bbdefault\u00a0\u00bb column_direction=\u00a0\u00bbdefault\u00a0\u00bb column_direction_tablet=\u00a0\u00bbdefault\u00a0\u00bb column_direction_phone=\u00a0\u00bbdefault\u00a0\u00bb scene_position=\u00a0\u00bbcenter\u00a0\u00bb text_color=\u00a0\u00bbdark\u00a0\u00bb text_align=\u00a0\u00bbleft\u00a0\u00bb row_border_radius=\u00a0\u00bbnone\u00a0\u00bb row_border_radius_applies=\u00a0\u00bbbg\u00a0\u00bb overlay_strength=\u00a0\u00bb0.3&Prime; gradient_direction=\u00a0\u00bbleft_to_right\u00a0\u00bb shape_divider_position=\u00a0\u00bbbottom\u00a0\u00bb bg_image_animation=\u00a0\u00bbnone\u00a0\u00bb][vc_column column_padding=\u00a0\u00bbno-extra-padding\u00a0\u00bb column_padding_tablet=\u00a0\u00bbinherit\u00a0\u00bb column_padding_phone=\u00a0\u00bbinherit\u00a0\u00bb column_padding_position=\u00a0\u00bball\u00a0\u00bb column_element_spacing=\u00a0\u00bbdefault\u00a0\u00bb background_color_opacity=\u00a0\u00bb1&Prime; background_hover_color_opacity=\u00a0\u00bb1&Prime; column_shadow=\u00a0\u00bbnone\u00a0\u00bb column_border_radius=\u00a0\u00bbnone\u00a0\u00bb column_link_target=\u00a0\u00bb_self\u00a0\u00bb gradient_direction=\u00a0\u00bbleft_to_right\u00a0\u00bb overlay_strength=\u00a0\u00bb0.3&Prime; width=\u00a0\u00bb1\/1&Prime; tablet_width_inherit=\u00a0\u00bbdefault\u00a0\u00bb&#8230;<\/p>\n","protected":false},"author":1,"featured_media":0,"parent":0,"menu_order":0,"comment_status":"closed","ping_status":"closed","template":"","meta":{"_acf_changed":false,"footnotes":""},"class_list":["post-1801","page","type-page","status-publish"],"acf":[],"_links":{"self":[{"href":"https:\/\/hemecht.lu\/fr\/wp-json\/wp\/v2\/pages\/1801","targetHints":{"allow":["GET"]}}],"collection":[{"href":"https:\/\/hemecht.lu\/fr\/wp-json\/wp\/v2\/pages"}],"about":[{"href":"https:\/\/hemecht.lu\/fr\/wp-json\/wp\/v2\/types\/page"}],"author":[{"embeddable":true,"href":"https:\/\/hemecht.lu\/fr\/wp-json\/wp\/v2\/users\/1"}],"replies":[{"embeddable":true,"href":"https:\/\/hemecht.lu\/fr\/wp-json\/wp\/v2\/comments?post=1801"}],"version-history":[{"count":7,"href":"https:\/\/hemecht.lu\/fr\/wp-json\/wp\/v2\/pages\/1801\/revisions"}],"predecessor-version":[{"id":2089,"href":"https:\/\/hemecht.lu\/fr\/wp-json\/wp\/v2\/pages\/1801\/revisions\/2089"}],"wp:attachment":[{"href":"https:\/\/hemecht.lu\/fr\/wp-json\/wp\/v2\/media?parent=1801"}],"curies":[{"name":"wp","href":"https:\/\/api.w.org\/{rel}","templated":true}]}}