{"id":1772,"date":"2021-05-26T12:18:08","date_gmt":"2021-05-26T12:18:08","guid":{"rendered":"https:\/\/ossa.cuco.dev\/?page_id=1772"},"modified":"2023-01-23T16:14:10","modified_gmt":"2023-01-23T16:14:10","slug":"la-revue","status":"publish","type":"page","link":"https:\/\/hemecht.lu\/fr\/la-revue\/","title":{"rendered":"La revue"},"content":{"rendered":"[vc_row type=\u00a0\u00bbin_container\u00a0\u00bb full_screen_row_position=\u00a0\u00bbmiddle\u00a0\u00bb column_margin=\u00a0\u00bbdefault\u00a0\u00bb column_direction=\u00a0\u00bbdefault\u00a0\u00bb column_direction_tablet=\u00a0\u00bbdefault\u00a0\u00bb column_direction_phone=\u00a0\u00bbdefault\u00a0\u00bb scene_position=\u00a0\u00bbcenter\u00a0\u00bb top_padding=\u00a0\u00bb5%\u00a0\u00bb text_color=\u00a0\u00bbdark\u00a0\u00bb text_align=\u00a0\u00bbleft\u00a0\u00bb row_border_radius=\u00a0\u00bbnone\u00a0\u00bb row_border_radius_applies=\u00a0\u00bbbg\u00a0\u00bb overlay_strength=\u00a0\u00bb0.3&Prime; gradient_direction=\u00a0\u00bbleft_to_right\u00a0\u00bb shape_divider_position=\u00a0\u00bbbottom\u00a0\u00bb bg_image_animation=\u00a0\u00bbnone\u00a0\u00bb shape_type=\u00a0\u00bb\u00a0\u00bb][vc_column column_padding=\u00a0\u00bbno-extra-padding\u00a0\u00bb column_padding_tablet=\u00a0\u00bbinherit\u00a0\u00bb column_padding_phone=\u00a0\u00bbinherit\u00a0\u00bb column_padding_position=\u00a0\u00bball\u00a0\u00bb column_element_spacing=\u00a0\u00bbdefault\u00a0\u00bb background_color_opacity=\u00a0\u00bb1&Prime; background_hover_color_opacity=\u00a0\u00bb1&Prime; column_shadow=\u00a0\u00bbnone\u00a0\u00bb column_border_radius=\u00a0\u00bbnone\u00a0\u00bb column_link_target=\u00a0\u00bb_self\u00a0\u00bb gradient_direction=\u00a0\u00bbleft_to_right\u00a0\u00bb overlay_strength=\u00a0\u00bb0.3&Prime; width=\u00a0\u00bb1\/1&Prime; tablet_width_inherit=\u00a0\u00bbdefault\u00a0\u00bb tablet_text_alignment=\u00a0\u00bbdefault\u00a0\u00bb phone_text_alignment=\u00a0\u00bbdefault\u00a0\u00bb bg_image_animation=\u00a0\u00bbnone\u00a0\u00bb border_type=\u00a0\u00bbsimple\u00a0\u00bb column_border_width=\u00a0\u00bbnone\u00a0\u00bb column_border_style=\u00a0\u00bbsolid\u00a0\u00bb][vc_custom_heading text=\u00a0\u00bbLa revue\u00a0\u00bb use_theme_fonts=\u00a0\u00bbyes\u00a0\u00bb][\/vc_column][\/vc_row][vc_row type=\u00a0\u00bbin_container\u00a0\u00bb full_screen_row_position=\u00a0\u00bbmiddle\u00a0\u00bb column_margin=\u00a0\u00bbdefault\u00a0\u00bb column_direction=\u00a0\u00bbdefault\u00a0\u00bb column_direction_tablet=\u00a0\u00bbdefault\u00a0\u00bb column_direction_phone=\u00a0\u00bbdefault\u00a0\u00bb scene_position=\u00a0\u00bbcenter\u00a0\u00bb bottom_padding=\u00a0\u00bb5%\u00a0\u00bb text_color=\u00a0\u00bbdark\u00a0\u00bb text_align=\u00a0\u00bbleft\u00a0\u00bb row_border_radius=\u00a0\u00bbnone\u00a0\u00bb row_border_radius_applies=\u00a0\u00bbbg\u00a0\u00bb overlay_strength=\u00a0\u00bb0.3&Prime; gradient_direction=\u00a0\u00bbleft_to_right\u00a0\u00bb shape_divider_position=\u00a0\u00bbbottom\u00a0\u00bb bg_image_animation=\u00a0\u00bbnone\u00a0\u00bb shape_type=\u00a0\u00bb\u00a0\u00bb][vc_column column_padding=\u00a0\u00bbno-extra-padding\u00a0\u00bb column_padding_tablet=\u00a0\u00bbinherit\u00a0\u00bb column_padding_phone=\u00a0\u00bbinherit\u00a0\u00bb column_padding_position=\u00a0\u00bball\u00a0\u00bb column_element_spacing=\u00a0\u00bbdefault\u00a0\u00bb background_color_opacity=\u00a0\u00bb1&Prime; background_hover_color_opacity=\u00a0\u00bb1&Prime; column_shadow=\u00a0\u00bbnone\u00a0\u00bb column_border_radius=\u00a0\u00bbnone\u00a0\u00bb column_link_target=\u00a0\u00bb_self\u00a0\u00bb gradient_direction=\u00a0\u00bbleft_to_right\u00a0\u00bb overlay_strength=\u00a0\u00bb0.3&Prime; width=\u00a0\u00bb1\/2&Prime; tablet_width_inherit=\u00a0\u00bbdefault\u00a0\u00bb tablet_text_alignment=\u00a0\u00bbdefault\u00a0\u00bb phone_text_alignment=\u00a0\u00bbdefault\u00a0\u00bb bg_image_animation=\u00a0\u00bbnone\u00a0\u00bb border_type=\u00a0\u00bbsimple\u00a0\u00bb column_border_width=\u00a0\u00bbnone\u00a0\u00bb column_border_style=\u00a0\u00bbsolid\u00a0\u00bb][vc_column_text]La revue d\u2019histoire luxembourgeoise, <em>H\u00e9mecht<\/em>, existe depuis 1895. C\u2019est une revue scientifique internationalement reconnue, qui publie des r\u00e9sultats de recherches dans le domaine des sciences historiques, sociales et culturelles ainsi que des contributions d\u2019histoire locale. Elle est bilingue (fran\u00e7ais et allemand) avec des contributions occasionnelles en anglais et des r\u00e9sum\u00e9s en anglais.<\/p>\n<p>Les tables de mati\u00e8res et les r\u00e9sum\u00e9s des contributions sont publi\u00e9s sur <a href=\"http:\/\/www.hsozkult.de\/journals\/id\/zeitschriften-591\" target=\"_blank\" rel=\"noopener\">h-soz-kult<\/a>.<\/p>\n<p>La revue a quatre rubriques: Les <strong>articles scientifiques<\/strong> analysent l\u2019histoire luxembourgeoise dans une perspective europ\u00e9enne et globale. Les m\u00e9thodes et apports des disciplines voisines (histoire de l\u2019art et des m\u00e9dias, histoire des langues et litt\u00e9ratures, arch\u00e9ologie et anthropologie) ont leur place dans la <em>H\u00e9mecht<\/em> tout comme la g\u00e9ographie historique, la sociologie et les sciences politiques. Par ailleurs, les <strong>contributions d\u2019histoire locale<\/strong>, qui proviennent de nos lecteurs et lectrices, offrent des aper\u00e7us pr\u00e9cieux sur des aspects sp\u00e9cifiques de l\u2019histoire luxembourgeoise. Les <strong>rapports de recherche<\/strong> r\u00e9sument les r\u00e9sultats de m\u00e9moires de master et th\u00e8ses de doctorat qui ont \u00e9t\u00e9 r\u00e9alis\u00e9s \u00e0 l\u2019Universit\u00e9 du Luxembourg ou \u00e0 d\u2019autres universit\u00e9s dans le domaine des \u00e9tudes luxembourgeoises en sciences humaines et sociales. Enfin, la rubrique des <strong>comptes-rendus<\/strong> donne aux \u00e9tudes luxembourgeoises une visibilit\u00e9 internationale et encourage l\u2019\u00e9change critique.[\/vc_column_text][\/vc_column][vc_column column_padding=\u00a0\u00bbno-extra-padding\u00a0\u00bb column_padding_tablet=\u00a0\u00bbinherit\u00a0\u00bb column_padding_phone=\u00a0\u00bbinherit\u00a0\u00bb column_padding_position=\u00a0\u00bball\u00a0\u00bb column_element_spacing=\u00a0\u00bbdefault\u00a0\u00bb background_color_opacity=\u00a0\u00bb1&Prime; background_hover_color_opacity=\u00a0\u00bb1&Prime; column_shadow=\u00a0\u00bbnone\u00a0\u00bb column_border_radius=\u00a0\u00bbnone\u00a0\u00bb column_link_target=\u00a0\u00bb_self\u00a0\u00bb gradient_direction=\u00a0\u00bbleft_to_right\u00a0\u00bb overlay_strength=\u00a0\u00bb0.3&Prime; width=\u00a0\u00bb1\/2&Prime; tablet_width_inherit=\u00a0\u00bbdefault\u00a0\u00bb tablet_text_alignment=\u00a0\u00bbdefault\u00a0\u00bb phone_text_alignment=\u00a0\u00bbdefault\u00a0\u00bb bg_image_animation=\u00a0\u00bbnone\u00a0\u00bb border_type=\u00a0\u00bbsimple\u00a0\u00bb column_border_width=\u00a0\u00bbnone\u00a0\u00bb column_border_style=\u00a0\u00bbsolid\u00a0\u00bb][vc_column_text]Depuis 2007, la revue <em>H\u00e9mecht<\/em> est r\u00e9pertori\u00e9e au \u201cEuropean Reference Index for the Humanities\u201d de la European Science Foundation, class\u00e9e parmi les \u201cinternational publications with a good reputation among researchers of the field in different countries\u201d (INT2). En 2016 elle fut \u00e9galement int\u00e9gr\u00e9e au \u201cEuropean Reference Index for the Humanities and Social Sciences\u201d (ERIH PLUS).<\/p>\n<p>Tous les volumes parus entre 1895 et 2015 furent r\u00e9tro-digitalis\u00e9s par les soins de la Biblioth\u00e8que nationale du Luxembourg et sont disponibles en acc\u00e8s libre sur eluxemburgensia.lu: \u201e<a href=\"https:\/\/persist.lu\/ark:70795\/0p68mq35p\" target=\"_blank\" rel=\"noopener\">Ons H\u00e9mecht<\/a>\u201c (1895\u20131939) et \u201e<a href=\"https:\/\/persist.lu\/ark:70795\/78bz919wr\" target=\"_blank\" rel=\"noopener\">H\u00e9mecht<\/a>\u201c (depuis 1948). Depuis 2015, les volumes les plus r\u00e9cents, avec un embargo de deux ans, sont \u00e9galement disponibles en-ligne sur <a href=\"http:\/\/a-z.lu\" target=\"_blank\" rel=\"noopener\">a-z.lu<\/a><\/p>\n<p>Tous les comptes-rendus sont accessibles depuis 2013 sous forme \u00e9lectronique sur le site <a href=\"https:\/\/www.recensio.net\/rezensionen\/zeitschriften\/hemecht\/hemecht-revue-d2019histoire-luxembourgeoise-transnationale-2013-locale-2013-interdisciplinaire-zeitschrift-fur-luxemburger-geschichte-transnational-2013-lokal-2013-interdisziplinar\" target=\"_blank\" rel=\"noopener\">recensio.net<\/a>[\/vc_column_text][\/vc_column][\/vc_row]\n","protected":false},"excerpt":{"rendered":"<p>[vc_row type=\u00a0\u00bbin_container\u00a0\u00bb full_screen_row_position=\u00a0\u00bbmiddle\u00a0\u00bb column_margin=\u00a0\u00bbdefault\u00a0\u00bb column_direction=\u00a0\u00bbdefault\u00a0\u00bb column_direction_tablet=\u00a0\u00bbdefault\u00a0\u00bb column_direction_phone=\u00a0\u00bbdefault\u00a0\u00bb scene_position=\u00a0\u00bbcenter\u00a0\u00bb top_padding=\u00a0\u00bb5%\u00a0\u00bb text_color=\u00a0\u00bbdark\u00a0\u00bb text_align=\u00a0\u00bbleft\u00a0\u00bb row_border_radius=\u00a0\u00bbnone\u00a0\u00bb row_border_radius_applies=\u00a0\u00bbbg\u00a0\u00bb overlay_strength=\u00a0\u00bb0.3&Prime; gradient_direction=\u00a0\u00bbleft_to_right\u00a0\u00bb shape_divider_position=\u00a0\u00bbbottom\u00a0\u00bb bg_image_animation=\u00a0\u00bbnone\u00a0\u00bb shape_type=\u00a0\u00bb\u00a0\u00bb][vc_column column_padding=\u00a0\u00bbno-extra-padding\u00a0\u00bb column_padding_tablet=\u00a0\u00bbinherit\u00a0\u00bb column_padding_phone=\u00a0\u00bbinherit\u00a0\u00bb column_padding_position=\u00a0\u00bball\u00a0\u00bb column_element_spacing=\u00a0\u00bbdefault\u00a0\u00bb background_color_opacity=\u00a0\u00bb1&Prime; background_hover_color_opacity=\u00a0\u00bb1&Prime; column_shadow=\u00a0\u00bbnone\u00a0\u00bb column_border_radius=\u00a0\u00bbnone\u00a0\u00bb column_link_target=\u00a0\u00bb_self\u00a0\u00bb gradient_direction=\u00a0\u00bbleft_to_right\u00a0\u00bb overlay_strength=\u00a0\u00bb0.3&Prime;&#8230;<\/p>\n","protected":false},"author":1,"featured_media":0,"parent":0,"menu_order":0,"comment_status":"closed","ping_status":"closed","template":"","meta":{"_acf_changed":false,"footnotes":""},"class_list":["post-1772","page","type-page","status-publish"],"acf":[],"_links":{"self":[{"href":"https:\/\/hemecht.lu\/fr\/wp-json\/wp\/v2\/pages\/1772","targetHints":{"allow":["GET"]}}],"collection":[{"href":"https:\/\/hemecht.lu\/fr\/wp-json\/wp\/v2\/pages"}],"about":[{"href":"https:\/\/hemecht.lu\/fr\/wp-json\/wp\/v2\/types\/page"}],"author":[{"embeddable":true,"href":"https:\/\/hemecht.lu\/fr\/wp-json\/wp\/v2\/users\/1"}],"replies":[{"embeddable":true,"href":"https:\/\/hemecht.lu\/fr\/wp-json\/wp\/v2\/comments?post=1772"}],"version-history":[{"count":13,"href":"https:\/\/hemecht.lu\/fr\/wp-json\/wp\/v2\/pages\/1772\/revisions"}],"predecessor-version":[{"id":2240,"href":"https:\/\/hemecht.lu\/fr\/wp-json\/wp\/v2\/pages\/1772\/revisions\/2240"}],"wp:attachment":[{"href":"https:\/\/hemecht.lu\/fr\/wp-json\/wp\/v2\/media?parent=1772"}],"curies":[{"name":"wp","href":"https:\/\/api.w.org\/{rel}","templated":true}]}}